{"id":346,"date":"2025-08-06T08:34:05","date_gmt":"2025-08-06T08:34:05","guid":{"rendered":"https:\/\/www.mfstroji.si\/contact\/"},"modified":"2026-01-06T10:09:38","modified_gmt":"2026-01-06T10:09:38","slug":"contact","status":"publish","type":"page","link":"https:\/\/www.mfstroji.si\/en\/contact\/","title":{"rendered":"Contact"},"content":{"rendered":"\n\t<section class=\"section dark\" id=\"section_621046645\">\n\t\t<div class=\"section-bg fill\" >\n\t\t\t<img loading=\"lazy\" decoding=\"async\" width=\"2560\" height=\"1920\" src=\"https:\/\/www.mfstroji.si\/sys\/wp-content\/uploads\/2025\/08\/Avtomat-za-izdelavo-lestvenih-nog-MF-Stroji-scaled.jpg\" class=\"bg attachment- size-\" alt=\"\" \/>\t\t\t\t\t\t<div class=\"section-bg-overlay absolute fill\"><\/div>\n\t\t\t\n\n\t\t<\/div>\n\n\t\t\n\n\t\t<div class=\"section-content relative\">\n\t\t\t\n<div class=\"row\"  id=\"row-1763231410\">\n\n\t<div id=\"col-1933394676\" class=\"col small-12 large-12\"  >\n\t\t\t\t<div class=\"col-inner text-center\"  >\n\t\t\t\n\t\t\t\n<h2 style=\"font-size: 200%;\">Contact us<\/h2>\n\t\t<\/div>\n\t\t\t\t\n<style>\n#col-1933394676 > .col-inner {\n  padding: 20px 0px 0px 0px;\n}\n<\/style>\n\t<\/div>\n\n\t\n<\/div>\n\t\t<\/div>\n\n\t\t\n<style>\n#section_621046645 {\n  padding-top: 140px;\n  padding-bottom: 140px;\n  background-color: rgb(40, 40, 40);\n}\n#section_621046645 .section-bg-overlay {\n  background-color: rgba(0, 0, 0, 0.3);\n}\n#section_621046645 .section-bg img {\n  object-position: 48% 50%;\n}\n<\/style>\n\t<\/section>\n\t\n\n\t<section class=\"section\" id=\"section_457533842\">\n\t\t<div class=\"section-bg fill\" >\n\t\t\t\t\t\t\t\t\t\n\t\t\t\n\n\t\t<\/div>\n\n\t\t\n\n\t\t<div class=\"section-content relative\">\n\t\t\t\n<div class=\"row\"  id=\"row-630561156\">\n\n\t<div id=\"col-794436588\" class=\"col small-12 large-12\"  >\n\t\t\t\t<div class=\"col-inner\"  >\n\t\t\t\n\t\t\t\n<div class=\"row align-equal\"  id=\"row-747042945\">\n\n\t<div id=\"col-538928413\" class=\"col medium-6 small-12 large-6\"  >\n\t\t\t\t<div class=\"col-inner text-center\"  >\n\t\t\t\n\t\t\t\n<h2>Obtain an offer<\/h2>\n<p>Need a machine that gets the work done? Contact us.<\/p>\n<a class=\"button primary\" >\n\t\t<span>info@mfstroji.si<\/span>\n\t<\/a>\n\n\t\t<\/div>\n\t\t\t\t\t<\/div>\n\n\t\n\n\t<div id=\"col-1149878808\" class=\"col medium-6 small-12 large-6\"  >\n\t\t\t\t<div class=\"col-inner text-center\"  >\n\t\t\t\n\t\t\t\n<h4>Contact our support<\/h4>\n<p>Sometimes you need a little help. Don\u2019t worry, we are here for you if any machine causes you problems. Brez skrbi, tu smo za vas, \u010de vam kak\u0161na naprava povzro\u010da te\u017eave.<\/p>\n<a class=\"button primary\" >\n\t\t<span>Contact support<\/span>\n\t<\/a>\n\n\t\t<\/div>\n\t\t\t\t\n<style>\n#col-1149878808 > .col-inner {\n  padding: 0px 0px 0px 0px;\n}\n<\/style>\n\t<\/div>\n\n\t\n\n\t<div id=\"col-1075215221\" class=\"col medium-6 small-12 large-6\"  >\n\t\t\t\t<div class=\"col-inner text-left\"  >\n\t\t\t\n\t\t\t\n\t<div id=\"text-1828500364\" class=\"text\">\n\t\t\n<h4>MF Machines<\/h4>\n<h4>Projektiranje in izdelava specialnih strojev, Miheli\u010d Suzana s.p.<\/h4>\n<p>Zamostec 67a<br \/>1317 Sodra\u017eica<br \/>Slovenija<\/p>\n<p><strong>TAX ID: <\/strong>SI31638554<br \/><strong>Register ID. <\/strong>5941147000<br \/><strong>IBAN <\/strong><span class=\"b-attr-value\">SI56 0232 1001 2895 718<\/span> (NLB d.d.)<br \/><strong>IBAN <\/strong>SI56 3300 0001 0869 520 (Addiko Bank d.d.)<br \/><b>IBAN<\/b> SI56 6400 0000 0602 866 (PHV d.d.)<\/span><\/p>\n\t\t\n<style>\n#text-1828500364 {\n  text-align: left;\n}\n<\/style>\n\t<\/div>\n\t\n\t\t<\/div>\n\t\t\t\t\t<\/div>\n\n\t\n\n\t<div id=\"col-840916640\" class=\"col medium-6 small-12 large-6\"  >\n\t\t\t\t<div class=\"col-inner text-left\"  >\n\t\t\t\n\t\t\t\n    <div class=\"box has-hover has-hover box-text-bottom\" >\n\n                  <div class=\"box-image \" style=\"width:80%;\">\n           <div class=\"box-image-inner image-cover\" style=\"border-radius:100%;padding-top:0px;\">\n              <img decoding=\"async\" src=\"https:\/\/www.mfstroji.si\/sys\/wp-content\/themes\/flatsome\/assets\/img\/missing.jpg\" \/>                         <\/div>\n          <\/div>\n         \n          <div class=\"box-text text-left\" >\n                <div class=\"box-text-inner\">\n                  <h4 class=\"uppercase\">\n                    <span class=\"person-name\">Franc Miheli\u010d<\/span><br\/>\n                    <span class=\"person-title is-small thin-font op-7\">\n                      Founder and creator of special mechanical components                    <\/span>\n                  <\/h4>\n\t\t\t\t\t\n<a href=\"mailto:mihelic.franc@mfstroji.si\" class=\"button primary is-link lowercase\" >\n\t<i class=\"icon-phone\" aria-hidden=\"true\"><\/i>\t<span>mihelic.franc@mfstroji.si<\/span>\n\t<\/a>\n\n<a href=\"tel:+38640771622\" class=\"button primary is-link\" >\n\t<i class=\"icon-phone\" aria-hidden=\"true\"><\/i>\t<span>+386 40 771 622<\/span>\n\t<\/a>\n\n                <\/div>\n          <\/div>\n    <\/div>\n\n\t\n    \n    <div class=\"box has-hover has-hover box-text-bottom\" >\n\n                  <div class=\"box-image \" style=\"width:80%;\">\n           <div class=\"box-image-inner image-cover\" style=\"border-radius:100%;padding-top:0px;\">\n              <img decoding=\"async\" src=\"https:\/\/www.mfstroji.si\/sys\/wp-content\/themes\/flatsome\/assets\/img\/missing.jpg\" \/>                         <\/div>\n          <\/div>\n         \n          <div class=\"box-text text-left\" >\n                <div class=\"box-text-inner\">\n                  <h4 class=\"uppercase\">\n                    <span class=\"person-name\">Miheli\u010d Suzana<\/span><br\/>\n                    <span class=\"person-title is-small thin-font op-7\">\n                      Director and designer of electrical cabinets                    <\/span>\n                  <\/h4>\n\t\t\t\t\t\n<a href=\"mailto:mihelic.suzana@mfstroji.si\" class=\"button primary is-link lowercase\" >\n\t<i class=\"icon-phone\" aria-hidden=\"true\"><\/i>\t<span>mihelic.suzana@mfstroji.si<\/span>\n\t<\/a>\n\n<a href=\"tel:+38641245257\" class=\"button primary is-link\" >\n\t<i class=\"icon-phone\" aria-hidden=\"true\"><\/i>\t<span>+386 41 245 257<\/span>\n\t<\/a>\n\n                <\/div>\n          <\/div>\n    <\/div>\n\n\t\n    \n    <div class=\"box has-hover has-hover box-text-bottom\" >\n\n                  <div class=\"box-image \" style=\"width:80%;\">\n           <div class=\"box-image-inner image-cover\" style=\"border-radius:100%;padding-top:0px;\">\n              <img decoding=\"async\" src=\"https:\/\/www.mfstroji.si\/sys\/wp-content\/themes\/flatsome\/assets\/img\/missing.jpg\" \/>                         <\/div>\n          <\/div>\n         \n          <div class=\"box-text text-left\" >\n                <div class=\"box-text-inner\">\n                  <h4 class=\"uppercase\">\n                    <span class=\"person-name\">Davor Smiljani\u010d<\/span><br\/>\n                    <span class=\"person-title is-small thin-font op-7\">\n                      PLC programmer and laser technologist                    <\/span>\n                  <\/h4>\n\t\t\t\t\t\n<a href=\"mailto:smiljanic.davor@mfstroji.si\" class=\"button primary is-link lowercase\" >\n\t<i class=\"icon-phone\" aria-hidden=\"true\"><\/i>\t<span>smiljanic.davor@mfstroji.si<\/span>\n\t<\/a>\n\n<a href=\"tel:+38651323271\" class=\"button primary is-link\" >\n\t<i class=\"icon-phone\" aria-hidden=\"true\"><\/i>\t<span>+386 51 323 271<\/span>\n\t<\/a>\n\n                <\/div>\n          <\/div>\n    <\/div>\n\n\t\n    \n\t\t<\/div>\n\t\t\t\t\t<\/div>\n\n\t\n\n\t<div id=\"col-1544020962\" class=\"col medium-6 small-12 large-6\"  >\n\t\t\t\t<div class=\"col-inner text-center\" style=\"background-color:rgb(255,255,255);\" >\n\t\t\t\n\t\t\t\n<h3>Inquiry for the device<\/h3>\n<div class=\"is-divider divider clearfix\" ><\/div>\n<div class=\"row align-center\"  id=\"row-1485139840\">\n\n\t<div id=\"col-67994705\" class=\"col medium-11 small-12 large-11\"  >\n\t\t\t\t<div class=\"col-inner text-left\"  >\n\t\t\t\n\t\t\t\n\n<div class=\"wpcf7 no-js\" id=\"wpcf7-f408-o1\" lang=\"en-US\" dir=\"ltr\" data-wpcf7-id=\"408\">\n<div class=\"screen-reader-response\"><p role=\"status\" aria-live=\"polite\" aria-atomic=\"true\"><\/p> <ul><\/ul><\/div>\n<form action=\"\/en\/wp-json\/wp\/v2\/pages\/346#wpcf7-f408-o1\" method=\"post\" class=\"wpcf7-form init\" aria-label=\"Contact form\" novalidate=\"novalidate\" data-status=\"init\">\n<fieldset class=\"hidden-fields-container\"><input type=\"hidden\" name=\"_wpcf7\" value=\"408\" \/><input type=\"hidden\" name=\"_wpcf7_version\" value=\"6.1.4\" \/><input type=\"hidden\" name=\"_wpcf7_locale\" value=\"en_US\" \/><input type=\"hidden\" name=\"_wpcf7_unit_tag\" value=\"wpcf7-f408-o1\" \/><input type=\"hidden\" name=\"_wpcf7_container_post\" value=\"0\" \/><input type=\"hidden\" name=\"_wpcf7_posted_data_hash\" value=\"\" \/><input type=\"hidden\" name=\"_wpcf7_recaptcha_response\" value=\"\" \/>\n<\/fieldset>\n<p><span class=\"wpcf7-form-control-wrap\" data-name=\"your-name\"><input size=\"40\" maxlength=\"400\" class=\"wpcf7-form-control wpcf7-text wpcf7-validates-as-required\" autocomplete=\"name\" aria-required=\"true\" aria-invalid=\"false\" placeholder=\"Name\" value=\"\" type=\"text\" name=\"your-name\" \/><\/span>\n<\/p>\n<p><span class=\"wpcf7-form-control-wrap\" data-name=\"your-email\"><input size=\"40\" maxlength=\"400\" class=\"wpcf7-form-control wpcf7-email wpcf7-validates-as-required wpcf7-text wpcf7-validates-as-email\" autocomplete=\"email\" aria-required=\"true\" aria-invalid=\"false\" placeholder=\"eMail\" value=\"\" type=\"email\" name=\"your-email\" \/><\/span>\n<\/p>\n<p><span class=\"wpcf7-form-control-wrap\" data-name=\"telefon\"><input size=\"40\" maxlength=\"400\" class=\"wpcf7-form-control wpcf7-tel wpcf7-text wpcf7-validates-as-tel\" aria-invalid=\"false\" placeholder=\"Phone Number\" value=\"\" type=\"tel\" name=\"telefon\" \/><\/span>\n<\/p>\n<p><span class=\"wpcf7-form-control-wrap\" data-name=\"Sporocilo\"><textarea cols=\"40\" rows=\"10\" maxlength=\"2000\" class=\"wpcf7-form-control wpcf7-textarea wpcf7-validates-as-required\" aria-required=\"true\" aria-invalid=\"false\" placeholder=\"Your message\" name=\"Sporocilo\"><\/textarea><\/span>\n<\/p>\n<p><input class=\"wpcf7-form-control wpcf7-submit has-spinner\" type=\"submit\" value=\"SEND\" \/>\n<\/p><p style=\"display: none !important;\" class=\"akismet-fields-container\" data-prefix=\"_wpcf7_ak_\"><label>&#916;<textarea name=\"_wpcf7_ak_hp_textarea\" cols=\"45\" rows=\"8\" maxlength=\"100\"><\/textarea><\/label><input type=\"hidden\" id=\"ak_js_1\" name=\"_wpcf7_ak_js\" value=\"241\"\/><script>document.getElementById( \"ak_js_1\" ).setAttribute( \"value\", ( new Date() ).getTime() );<\/script><\/p><div class=\"wpcf7-response-output\" aria-hidden=\"true\"><\/div>\n<\/form>\n<\/div>\n\n\t\t<\/div>\n\t\t\t\t\t<\/div>\n\n\t\n<\/div>\n\t\t<\/div>\n\t\t\t\t\t<\/div>\n\n\t\n\n\t<div id=\"col-646497479\" class=\"col medium-6 small-12 large-6\"  >\n\t\t\t\t<div class=\"col-inner text-center\" style=\"background-color:rgb(255,255,255);\" >\n\t\t\t\n\t\t\t\n<h3>Inquiry for laser cutting<\/h3>\n<div class=\"is-divider divider clearfix\" ><\/div>\n<div class=\"row align-center\"  id=\"row-1797783063\">\n\n\t<div id=\"col-535505695\" class=\"col medium-11 small-12 large-11\"  >\n\t\t\t\t<div class=\"col-inner text-left\"  >\n\t\t\t\n\t\t\t\n\n<div class=\"wpcf7 no-js\" id=\"wpcf7-f407-o2\" lang=\"en-US\" dir=\"ltr\" data-wpcf7-id=\"407\">\n<div class=\"screen-reader-response\"><p role=\"status\" aria-live=\"polite\" aria-atomic=\"true\"><\/p> <ul><\/ul><\/div>\n<form action=\"\/en\/wp-json\/wp\/v2\/pages\/346#wpcf7-f407-o2\" method=\"post\" class=\"wpcf7-form init\" aria-label=\"Contact form\" enctype=\"multipart\/form-data\" novalidate=\"novalidate\" data-status=\"init\">\n<fieldset class=\"hidden-fields-container\"><input type=\"hidden\" name=\"_wpcf7\" value=\"407\" \/><input type=\"hidden\" name=\"_wpcf7_version\" value=\"6.1.4\" \/><input type=\"hidden\" name=\"_wpcf7_locale\" value=\"en_US\" \/><input type=\"hidden\" name=\"_wpcf7_unit_tag\" value=\"wpcf7-f407-o2\" \/><input type=\"hidden\" name=\"_wpcf7_container_post\" value=\"0\" \/><input type=\"hidden\" name=\"_wpcf7_posted_data_hash\" value=\"\" \/><input type=\"hidden\" name=\"_wpcf7_recaptcha_response\" value=\"\" \/>\n<\/fieldset>\n<p><span class=\"wpcf7-form-control-wrap\" data-name=\"your-name\"><input size=\"40\" maxlength=\"400\" class=\"wpcf7-form-control wpcf7-text wpcf7-validates-as-required\" autocomplete=\"name\" aria-required=\"true\" aria-invalid=\"false\" placeholder=\"Name\" value=\"\" type=\"text\" name=\"your-name\" \/><\/span><br \/>\n<span class=\"wpcf7-form-control-wrap\" data-name=\"podjetje\"><input size=\"40\" maxlength=\"400\" class=\"wpcf7-form-control wpcf7-text\" aria-invalid=\"false\" placeholder=\"Company\" value=\"\" type=\"text\" name=\"podjetje\" \/><\/span>\n<\/p>\n<p><span class=\"wpcf7-form-control-wrap\" data-name=\"your-email\"><input size=\"40\" maxlength=\"400\" class=\"wpcf7-form-control wpcf7-email wpcf7-validates-as-required wpcf7-text wpcf7-validates-as-email\" autocomplete=\"email\" aria-required=\"true\" aria-invalid=\"false\" placeholder=\"eMail\" value=\"\" type=\"email\" name=\"your-email\" \/><\/span><br \/>\n<span class=\"wpcf7-form-control-wrap\" data-name=\"telefon\"><input size=\"40\" maxlength=\"400\" class=\"wpcf7-form-control wpcf7-tel wpcf7-text wpcf7-validates-as-tel\" autocomplete=\"tel\" aria-invalid=\"false\" placeholder=\"Phone number\" value=\"\" type=\"tel\" name=\"telefon\" \/><\/span>\n<\/p>\n<p><span class=\"wpcf7-form-control-wrap\" data-name=\"datoteka\"><input size=\"40\" class=\"wpcf7-form-control wpcf7-file\" accept=\".dxf,.dwg,.pdf,.sldprt,.sldasm\" aria-invalid=\"false\" type=\"file\" name=\"datoteka\" \/><\/span><br \/>\n<span class=\"wpcf7-form-control-wrap\" data-name=\"your-message\"><textarea cols=\"40\" rows=\"10\" maxlength=\"2000\" class=\"wpcf7-form-control wpcf7-textarea\" aria-invalid=\"false\" placeholder=\"Aditional information\" name=\"your-message\"><\/textarea><\/span>\n<\/p>\n<p><input class=\"wpcf7-form-control wpcf7-submit has-spinner\" type=\"submit\" value=\"Send enquiry\" \/>\n<\/p><p style=\"display: none !important;\" class=\"akismet-fields-container\" data-prefix=\"_wpcf7_ak_\"><label>&#916;<textarea name=\"_wpcf7_ak_hp_textarea\" cols=\"45\" rows=\"8\" maxlength=\"100\"><\/textarea><\/label><input type=\"hidden\" id=\"ak_js_2\" name=\"_wpcf7_ak_js\" value=\"218\"\/><script>document.getElementById( \"ak_js_2\" ).setAttribute( \"value\", ( new Date() ).getTime() );<\/script><\/p><div class=\"wpcf7-response-output\" aria-hidden=\"true\"><\/div>\n<\/form>\n<\/div>\n\n\t\t<\/div>\n\t\t\t\t\t<\/div>\n\n\t\n<\/div>\n\t\t<\/div>\n\t\t\t\t\t<\/div>\n\n\t\n\n\t<div id=\"col-2073679436\" class=\"col small-12 large-12\"  >\n\t\t\t\t<div class=\"col-inner text-left\"  >\n\t\t\t\n\t\t\t\n\n\t<script type=\"text\/javascript\">\n  jQuery( document ).ready(function() {\n    function initialize() {\n        var styles = {\n            'flatsome':  [{\n            \"featureType\": \"administrative\",\n            \"stylers\": [\n              { \"visibility\": \"on\" }\n            ]\n          },\n          {\n            \"featureType\": \"road\",\n            \"stylers\": [\n              { \"visibility\": \"on\" },\n              { \"hue\": \"#4c2c79\" }\n            ]\n          },\n          {\n            \"stylers\": [\n\t\t\t  { \"visibility\": \"on\" },\n\t\t\t  { \"hue\": \"#4c2c79\" },\n\t\t\t  { \"saturation\": -18 }\n            ]\n          }\n        ]};\n\n        var myLatlng = new google.maps.LatLng(45.7526, 14.6565);\n        var myOptions = {\n            zoom: 17,\n            center: myLatlng,\n            mapTypeId: google.maps.MapTypeId.ROADMAP,\n            disableDefaultUI: true,\n            mapTypeId: 'flatsome',\n            draggable: true,\n            zoomControl: true,\n            zoomControlOptions: {\n              position: google.maps.ControlPosition.TOP_LEFT\n            },\n      \t\t\tmapTypeControl: false,\n            mapTypeControlOptions: {\n              position: google.maps.ControlPosition.TOP_LEFT\n            },\n      \t\t\tstreetViewControl: false,\n            streetViewControlOptions: {\n              position: google.maps.ControlPosition.TOP_LEFT\n            },\n            scrollwheel: false,\n            disableDoubleClickZoom: true\n        }\n        var map = new google.maps.Map(document.getElementById(\"map-4145605444-inner\"), myOptions);\n        var styledMapType = new google.maps.StyledMapType(styles['flatsome'], {name: 'flatsome'});\n        map.mapTypes.set('flatsome', styledMapType);\n\n        var marker = new google.maps.Marker({\n            position: myLatlng,\n            map: map,\n            title:\"\"\n        });\n    }\n\n    \/\/ Required to proceed\n    if (!(typeof google === 'object' && typeof google.maps === 'object')) {\n      return\n    }\n\n    initialize()\n    google.maps.event.addDomListener(window, 'resize', initialize);\n    });\n    <\/script>\n\n    <div class=\"google-map relative mb\" id=\"map-4145605444\">\n        <div class=\"map-height\" id=\"map-4145605444-inner\"><\/div>\n        <div id=\"map_overlay_top\"><\/div>\n        <div id=\"map_overlay_bottom\"><\/div>\n                  <div class=\"map_inner map-inner last-reset absolute x100 md-x95 lg-x95 y100 md-y95 lg-y95\">\n              \n<h4>Izdelava specialnih strojev, Miheli\u010d Franc s.p.<\/h4>\n<p>Zamostec 67a<br \/>1317 Sodra\u017eica<br \/>Slovenija<\/p>\n<a href=\"https:\/\/maps.app.goo.gl\/LKoA5AaiEjSkxYxY8\" target=\"_blank\" class=\"button primary is-small expand\" rel=\"noopener\">\n\t\t<span>Get directions<\/span>\n\t<i class=\"icon-map-pin-fill\" aria-hidden=\"true\"><\/i><\/a>\n\n         <\/div>\n       \n       \n<style>\n#map-4145605444 .map-inner {\n  background-color: #ffffff;\n  max-width: 100%;\n}\n#map-4145605444 .map-height {\n  height: 400px;\n}\n@media (min-width:550px) {\n  #map-4145605444 .map-inner {\n    max-width: 40%;\n  }\n}\n@media (min-width:850px) {\n  #map-4145605444 .map-inner {\n    max-width: 36%;\n  }\n}\n<\/style>\n    <\/div>\n\n\t\n\t\t<\/div>\n\t\t\t\t\t<\/div>\n\n\t\n\n<style>\n#row-747042945 > .col > .col-inner {\n  padding: 20px 20px 20px 20px;\n  background-color: rgb(255,255,255);\n}\n@media (min-width:550px) {\n  #row-747042945 > .col > .col-inner {\n    padding: 30px 30px 30px 30px;\n  }\n}\n@media (min-width:850px) {\n  #row-747042945 > .col > .col-inner {\n    padding: 40px 40px 40px 40px;\n  }\n}\n<\/style>\n<\/div>\n\t\t<\/div>\n\t\t\t\t\n<style>\n#col-794436588 > .col-inner {\n  margin: -100px 0px 0px 0px;\n}\n<\/style>\n\t<\/div>\n\n\t\n<\/div>\n\t\t<\/div>\n\n\t\t\n<style>\n#section_457533842 {\n  padding-top: 30px;\n  padding-bottom: 30px;\n  background-color: rgb(244, 244, 244);\n}\n<\/style>\n\t<\/section>\n\t\n","protected":false},"excerpt":{"rendered":"","protected":false},"author":1,"featured_media":0,"parent":0,"menu_order":40,"comment_status":"closed","ping_status":"closed","template":"","meta":{"footnotes":""},"class_list":["post-346","page","type-page","status-publish","hentry"],"_links":{"self":[{"href":"https:\/\/www.mfstroji.si\/en\/wp-json\/wp\/v2\/pages\/346","targetHints":{"allow":["GET"]}}],"collection":[{"href":"https:\/\/www.mfstroji.si\/en\/wp-json\/wp\/v2\/pages"}],"about":[{"href":"https:\/\/www.mfstroji.si\/en\/wp-json\/wp\/v2\/types\/page"}],"author":[{"embeddable":true,"href":"https:\/\/www.mfstroji.si\/en\/wp-json\/wp\/v2\/users\/1"}],"replies":[{"embeddable":true,"href":"https:\/\/www.mfstroji.si\/en\/wp-json\/wp\/v2\/comments?post=346"}],"version-history":[{"count":6,"href":"https:\/\/www.mfstroji.si\/en\/wp-json\/wp\/v2\/pages\/346\/revisions"}],"predecessor-version":[{"id":429,"href":"https:\/\/www.mfstroji.si\/en\/wp-json\/wp\/v2\/pages\/346\/revisions\/429"}],"wp:attachment":[{"href":"https:\/\/www.mfstroji.si\/en\/wp-json\/wp\/v2\/media?parent=346"}],"curies":[{"name":"wp","href":"https:\/\/api.w.org\/{rel}","templated":true}]}}